{"id":6119,"date":"2025-09-25T12:56:45","date_gmt":"2025-09-25T10:56:45","guid":{"rendered":"https:\/\/strom-clothing.com\/shop\/uncategorized\/sweater-river\/"},"modified":"2026-05-01T16:17:15","modified_gmt":"2026-05-01T14:17:15","slug":"sweater-river","status":"publish","type":"product","link":"https:\/\/strom-clothing.com\/de\/shop\/men\/sweaters\/sweater-river\/","title":{"rendered":"Pullover \/ Fluss"},"content":{"rendered":"<p>- Normale Passform<br \/>\n- Gr\u00f6\u00dfentabelle<br \/>\n- Unisex-Gr\u00f6\u00dfen<br \/>\n- 100% Bio-Baumwolle, ringgesponnen und gek\u00e4mmt<br \/>\n- Mit \u00e4hnlichen Farben bei maximal 30 Grad auf links waschen, nicht auf Druck b\u00fcgeln<br \/>\n- Fair Wear-Siegel<br \/>\n- Oeko-Tex\u00ae 100 zertifiziert<br \/>\n- Global Organic Standard Textile zertifiziert<\/p>","protected":false},"excerpt":{"rendered":"<p>Wild und frei flie\u00dfend \ufe0f<br \/>\nRico ist 1,80m gro\u00df und tr\u00e4gt Gr\u00f6\u00dfe L<\/p>\n<p>Werfen Sie einen Blick auf unsere Gr\u00f6\u00dfentabelle, um sicherzustellen, dass Sie die perfekte Passform haben.<\/p>","protected":false},"featured_media":6121,"template":"","meta":{"_acf_changed":false},"collection":[30],"color":[66,48],"fit":[39],"gender":[60,61],"product_brand":[],"product_cat":[22,24],"product_tag":[],"class_list":{"0":"post-6119","1":"product","2":"type-product","3":"status-publish","4":"has-post-thumbnail","6":"collection-into-the-woods","7":"color-brown","8":"color-red","9":"fit-regular-fit","10":"gender-men","11":"gender-unisex","12":"product_cat-men","13":"product_cat-sweaters","15":"first","16":"instock","17":"sale","18":"taxable","19":"shipping-taxable","20":"purchasable","21":"product-type-variable"},"acf":[],"yoast_head":"<!-- This site is optimized with the Yoast SEO plugin v27.5 - https:\/\/yoast.com\/product\/yoast-seo-wordpress\/ -->\n<title>Sweater \/ River - STR\u00d8M<\/title>\n<meta name=\"description\" content=\"This sustainable red brown sweater with a river\/mountain print is made from 100% organic cotton. More info? Click here!\" \/>\n<meta name=\"robots\" content=\"index, follow, max-snippet:-1, max-image-preview:large, max-video-preview:-1\" \/>\n<link rel=\"canonical\" href=\"https:\/\/strom-clothing.com\/de\/shop\/manner\/pullover\/sweater-river\/\" \/>\n<meta property=\"og:locale\" content=\"de_DE\" \/>\n<meta property=\"og:type\" content=\"article\" \/>\n<meta property=\"og:title\" content=\"Sweater \/ River - STR\u00d8M\" \/>\n<meta property=\"og:description\" content=\"This sustainable red brown sweater with a river\/mountain print is made from 100% organic cotton. More info? Click here!\" \/>\n<meta property=\"og:url\" content=\"https:\/\/strom-clothing.com\/de\/shop\/manner\/pullover\/sweater-river\/\" \/>\n<meta property=\"og:site_name\" content=\"STR\u00d8M\" \/>\n<meta property=\"article:publisher\" content=\"https:\/\/www.facebook.com\/Stromclothingbelgium\/\" \/>\n<meta property=\"article:modified_time\" content=\"2026-05-01T14:17:15+00:00\" \/>\n<meta property=\"og:image\" content=\"https:\/\/strom-clothing.com\/wp-content\/uploads\/2025\/11\/STROM-Clothing-Into-The-Woods-Collection-AW25-T-shirt-sweaters-46-1.jpg\" \/>\n\t<meta property=\"og:image:width\" content=\"1000\" \/>\n\t<meta property=\"og:image:height\" content=\"1500\" \/>\n\t<meta property=\"og:image:type\" content=\"image\/jpeg\" \/>\n<meta name=\"twitter:card\" content=\"summary_large_image\" \/>\n<script type=\"application\/ld+json\" class=\"yoast-schema-graph\">{\"@context\":\"https:\\\/\\\/schema.org\",\"@graph\":[{\"@type\":\"WebPage\",\"@id\":\"https:\\\/\\\/strom-clothing.com\\\/shop\\\/men\\\/sweaters\\\/sweater-river\\\/\",\"url\":\"https:\\\/\\\/strom-clothing.com\\\/shop\\\/men\\\/sweaters\\\/sweater-river\\\/\",\"name\":\"Sweater \\\/ River - STR\u00d8M\",\"isPartOf\":{\"@id\":\"https:\\\/\\\/strom-clothing.com\\\/#website\"},\"primaryImageOfPage\":{\"@id\":\"https:\\\/\\\/strom-clothing.com\\\/shop\\\/men\\\/sweaters\\\/sweater-river\\\/#primaryimage\"},\"image\":{\"@id\":\"https:\\\/\\\/strom-clothing.com\\\/shop\\\/men\\\/sweaters\\\/sweater-river\\\/#primaryimage\"},\"thumbnailUrl\":\"https:\\\/\\\/strom-clothing.com\\\/wp-content\\\/uploads\\\/2025\\\/11\\\/STROM-Clothing-Into-The-Woods-Collection-AW25-T-shirt-sweaters-46-1.jpg\",\"datePublished\":\"2025-09-25T10:56:45+00:00\",\"dateModified\":\"2026-05-01T14:17:15+00:00\",\"description\":\"This sustainable red brown sweater with a river\\\/mountain print is made from 100% organic cotton. More info? Click here!\",\"breadcrumb\":{\"@id\":\"https:\\\/\\\/strom-clothing.com\\\/shop\\\/men\\\/sweaters\\\/sweater-river\\\/#breadcrumb\"},\"inLanguage\":\"de\",\"potentialAction\":[{\"@type\":\"ReadAction\",\"target\":[\"https:\\\/\\\/strom-clothing.com\\\/shop\\\/men\\\/sweaters\\\/sweater-river\\\/\"]}]},{\"@type\":\"ImageObject\",\"inLanguage\":\"de\",\"@id\":\"https:\\\/\\\/strom-clothing.com\\\/shop\\\/men\\\/sweaters\\\/sweater-river\\\/#primaryimage\",\"url\":\"https:\\\/\\\/strom-clothing.com\\\/wp-content\\\/uploads\\\/2025\\\/11\\\/STROM-Clothing-Into-The-Woods-Collection-AW25-T-shirt-sweaters-46-1.jpg\",\"contentUrl\":\"https:\\\/\\\/strom-clothing.com\\\/wp-content\\\/uploads\\\/2025\\\/11\\\/STROM-Clothing-Into-The-Woods-Collection-AW25-T-shirt-sweaters-46-1.jpg\",\"width\":1000,\"height\":1500},{\"@type\":\"BreadcrumbList\",\"@id\":\"https:\\\/\\\/strom-clothing.com\\\/shop\\\/men\\\/sweaters\\\/sweater-river\\\/#breadcrumb\",\"itemListElement\":[{\"@type\":\"ListItem\",\"position\":1,\"name\":\"Home\",\"item\":\"https:\\\/\\\/strom-clothing.com\\\/\"},{\"@type\":\"ListItem\",\"position\":2,\"name\":\"Shop\",\"item\":\"https:\\\/\\\/strom-clothing.com\\\/shop\\\/\"},{\"@type\":\"ListItem\",\"position\":3,\"name\":\"Sweater \\\/ River\"}]},{\"@type\":\"WebSite\",\"@id\":\"https:\\\/\\\/strom-clothing.com\\\/#website\",\"url\":\"https:\\\/\\\/strom-clothing.com\\\/\",\"name\":\"STR\u00d8M\",\"description\":\"Sustainable clothing with minimalistic designs\",\"publisher\":{\"@id\":\"https:\\\/\\\/strom-clothing.com\\\/#organization\"},\"potentialAction\":[{\"@type\":\"SearchAction\",\"target\":{\"@type\":\"EntryPoint\",\"urlTemplate\":\"https:\\\/\\\/strom-clothing.com\\\/?s={search_term_string}\"},\"query-input\":{\"@type\":\"PropertyValueSpecification\",\"valueRequired\":true,\"valueName\":\"search_term_string\"}}],\"inLanguage\":\"de\"},{\"@type\":\"Organization\",\"@id\":\"https:\\\/\\\/strom-clothing.com\\\/#organization\",\"name\":\"STR\u00d8M\",\"url\":\"https:\\\/\\\/strom-clothing.com\\\/\",\"logo\":{\"@type\":\"ImageObject\",\"inLanguage\":\"de\",\"@id\":\"https:\\\/\\\/strom-clothing.com\\\/#\\\/schema\\\/logo\\\/image\\\/\",\"url\":\"https:\\\/\\\/strom-clothing.com\\\/wp-content\\\/uploads\\\/2024\\\/05\\\/STROM-Logo.svg\",\"contentUrl\":\"https:\\\/\\\/strom-clothing.com\\\/wp-content\\\/uploads\\\/2024\\\/05\\\/STROM-Logo.svg\",\"caption\":\"STR\u00d8M\"},\"image\":{\"@id\":\"https:\\\/\\\/strom-clothing.com\\\/#\\\/schema\\\/logo\\\/image\\\/\"},\"sameAs\":[\"https:\\\/\\\/www.facebook.com\\\/Stromclothingbelgium\\\/\",\"https:\\\/\\\/www.instagram.com\\\/strom_clothing\\\/\"]}]}<\/script>\n<!-- \/ Yoast SEO plugin. -->","yoast_head_json":{"title":"Pullover \/ Fluss - STR\u00d8M","description":"Dieser nachhaltige rotbraune Pullover mit Fluss-\/Berg-Print ist aus 100% Bio-Baumwolle hergestellt. Mehr Infos? Klicken Sie hier!","robots":{"index":"index","follow":"follow","max-snippet":"max-snippet:-1","max-image-preview":"max-image-preview:large","max-video-preview":"max-video-preview:-1"},"canonical":"https:\/\/strom-clothing.com\/de\/shop\/manner\/pullover\/sweater-river\/","og_locale":"de_DE","og_type":"article","og_title":"Sweater \/ River - STR\u00d8M","og_description":"This sustainable red brown sweater with a river\/mountain print is made from 100% organic cotton. More info? Click here!","og_url":"https:\/\/strom-clothing.com\/de\/shop\/manner\/pullover\/sweater-river\/","og_site_name":"STR\u00d8M","article_publisher":"https:\/\/www.facebook.com\/Stromclothingbelgium\/","article_modified_time":"2026-05-01T14:17:15+00:00","og_image":[{"width":1000,"height":1500,"url":"https:\/\/strom-clothing.com\/wp-content\/uploads\/2025\/11\/STROM-Clothing-Into-The-Woods-Collection-AW25-T-shirt-sweaters-46-1.jpg","type":"image\/jpeg"}],"twitter_card":"summary_large_image","schema":{"@context":"https:\/\/schema.org","@graph":[{"@type":"WebPage","@id":"https:\/\/strom-clothing.com\/shop\/men\/sweaters\/sweater-river\/","url":"https:\/\/strom-clothing.com\/shop\/men\/sweaters\/sweater-river\/","name":"Pullover \/ Fluss - STR\u00d8M","isPartOf":{"@id":"https:\/\/strom-clothing.com\/#website"},"primaryImageOfPage":{"@id":"https:\/\/strom-clothing.com\/shop\/men\/sweaters\/sweater-river\/#primaryimage"},"image":{"@id":"https:\/\/strom-clothing.com\/shop\/men\/sweaters\/sweater-river\/#primaryimage"},"thumbnailUrl":"https:\/\/strom-clothing.com\/wp-content\/uploads\/2025\/11\/STROM-Clothing-Into-The-Woods-Collection-AW25-T-shirt-sweaters-46-1.jpg","datePublished":"2025-09-25T10:56:45+00:00","dateModified":"2026-05-01T14:17:15+00:00","description":"Dieser nachhaltige rotbraune Pullover mit Fluss-\/Berg-Print ist aus 100% Bio-Baumwolle hergestellt. Mehr Infos? Klicken Sie hier!","breadcrumb":{"@id":"https:\/\/strom-clothing.com\/shop\/men\/sweaters\/sweater-river\/#breadcrumb"},"inLanguage":"de","potentialAction":[{"@type":"ReadAction","target":["https:\/\/strom-clothing.com\/shop\/men\/sweaters\/sweater-river\/"]}]},{"@type":"ImageObject","inLanguage":"de","@id":"https:\/\/strom-clothing.com\/shop\/men\/sweaters\/sweater-river\/#primaryimage","url":"https:\/\/strom-clothing.com\/wp-content\/uploads\/2025\/11\/STROM-Clothing-Into-The-Woods-Collection-AW25-T-shirt-sweaters-46-1.jpg","contentUrl":"https:\/\/strom-clothing.com\/wp-content\/uploads\/2025\/11\/STROM-Clothing-Into-The-Woods-Collection-AW25-T-shirt-sweaters-46-1.jpg","width":1000,"height":1500},{"@type":"BreadcrumbList","@id":"https:\/\/strom-clothing.com\/shop\/men\/sweaters\/sweater-river\/#breadcrumb","itemListElement":[{"@type":"ListItem","position":1,"name":"Home","item":"https:\/\/strom-clothing.com\/"},{"@type":"ListItem","position":2,"name":"Shop","item":"https:\/\/strom-clothing.com\/shop\/"},{"@type":"ListItem","position":3,"name":"Sweater \/ River"}]},{"@type":"WebSite","@id":"https:\/\/strom-clothing.com\/#website","url":"https:\/\/strom-clothing.com\/","name":"STR\u00d8M","description":"Nachhaltige Kleidung mit minimalistischem Design","publisher":{"@id":"https:\/\/strom-clothing.com\/#organization"},"potentialAction":[{"@type":"SearchAction","target":{"@type":"EntryPoint","urlTemplate":"https:\/\/strom-clothing.com\/?s={search_term_string}"},"query-input":{"@type":"PropertyValueSpecification","valueRequired":true,"valueName":"search_term_string"}}],"inLanguage":"de"},{"@type":"Organization","@id":"https:\/\/strom-clothing.com\/#organization","name":"STR\u00d8M","url":"https:\/\/strom-clothing.com\/","logo":{"@type":"ImageObject","inLanguage":"de","@id":"https:\/\/strom-clothing.com\/#\/schema\/logo\/image\/","url":"https:\/\/strom-clothing.com\/wp-content\/uploads\/2024\/05\/STROM-Logo.svg","contentUrl":"https:\/\/strom-clothing.com\/wp-content\/uploads\/2024\/05\/STROM-Logo.svg","caption":"STR\u00d8M"},"image":{"@id":"https:\/\/strom-clothing.com\/#\/schema\/logo\/image\/"},"sameAs":["https:\/\/www.facebook.com\/Stromclothingbelgium\/","https:\/\/www.instagram.com\/strom_clothing\/"]}]}},"_links":{"self":[{"href":"https:\/\/strom-clothing.com\/de\/wp-json\/wp\/v2\/product\/6119","targetHints":{"allow":["GET"]}}],"collection":[{"href":"https:\/\/strom-clothing.com\/de\/wp-json\/wp\/v2\/product"}],"about":[{"href":"https:\/\/strom-clothing.com\/de\/wp-json\/wp\/v2\/types\/product"}],"wp:featuredmedia":[{"embeddable":true,"href":"https:\/\/strom-clothing.com\/de\/wp-json\/wp\/v2\/media\/6121"}],"wp:attachment":[{"href":"https:\/\/strom-clothing.com\/de\/wp-json\/wp\/v2\/media?parent=6119"}],"wp:term":[{"taxonomy":"collection","embeddable":true,"href":"https:\/\/strom-clothing.com\/de\/wp-json\/wp\/v2\/collection?post=6119"},{"taxonomy":"color","embeddable":true,"href":"https:\/\/strom-clothing.com\/de\/wp-json\/wp\/v2\/color?post=6119"},{"taxonomy":"fit","embeddable":true,"href":"https:\/\/strom-clothing.com\/de\/wp-json\/wp\/v2\/fit?post=6119"},{"taxonomy":"gender","embeddable":true,"href":"https:\/\/strom-clothing.com\/de\/wp-json\/wp\/v2\/gender?post=6119"},{"taxonomy":"product_brand","embeddable":true,"href":"https:\/\/strom-clothing.com\/de\/wp-json\/wp\/v2\/product_brand?post=6119"},{"taxonomy":"product_cat","embeddable":true,"href":"https:\/\/strom-clothing.com\/de\/wp-json\/wp\/v2\/product_cat?post=6119"},{"taxonomy":"product_tag","embeddable":true,"href":"https:\/\/strom-clothing.com\/de\/wp-json\/wp\/v2\/product_tag?post=6119"}],"curies":[{"name":"wp","href":"https:\/\/api.w.org\/{rel}","templated":true}]}}