{"id":14504,"date":"2026-04-06T09:46:27","date_gmt":"2026-04-06T07:46:27","guid":{"rendered":"https:\/\/strom-clothing.com\/?post_type=product&#038;p=14504"},"modified":"2026-04-11T15:28:34","modified_gmt":"2026-04-11T13:28:34","slug":"pullover-spritzen","status":"publish","type":"product","link":"https:\/\/strom-clothing.com\/de\/shop\/men\/sweaters\/sweater-spritz\/","title":{"rendered":"Pullover \/ Spritz"},"content":{"rendered":"<p>- Normale Passform<\/p>\n<p>- Unisex-Gr\u00f6\u00dfen<br \/>\n- 100% Bio-Baumwolle, ringgesponnen und gek\u00e4mmt<br \/>\n- Mit \u00e4hnlichen Farben bei maximal 30 Grad auf links waschen, nicht auf Druck b\u00fcgeln<br \/>\n- Fair Wear-Siegel<br \/>\n- Global Organic Standard Textile zertifiziert<br \/>\n- Oeko-Tex\u00ae 100 zertifiziert<\/p>","protected":false},"excerpt":{"rendered":"<p>Am besten gek\u00fchlt servieren.<br \/>\nBrauner Heritage-Pullover in normaler Gr\u00f6\u00dfe mit einem Spritzer-Symbol auf der Brust.<\/p>\n<p>Jelte ist 1,89m gro\u00df und tr\u00e4gt Gr\u00f6\u00dfe M<\/p>","protected":false},"featured_media":14619,"template":"","meta":{"_acf_changed":false},"collection":[201],"color":[204],"fit":[39],"gender":[60],"product_brand":[],"product_cat":[22,24],"product_tag":[],"class_list":{"0":"post-14504","1":"product","2":"type-product","3":"status-publish","4":"has-post-thumbnail","6":"collection-la-dolce-vita","7":"color-heritage-brown","8":"fit-regular-fit","9":"gender-men","10":"product_cat-men","11":"product_cat-sweaters","13":"first","14":"instock","15":"taxable","16":"shipping-taxable","17":"purchasable","18":"product-type-variable"},"acf":[],"yoast_head":"<!-- This site is optimized with the Yoast SEO plugin v27.4 - https:\/\/yoast.com\/product\/yoast-seo-wordpress\/ -->\n<title>Sweater Heritage Brown \/ Spritz | STR\u00d8M<\/title>\n<meta name=\"description\" content=\"Shop the Sweater Heritage Brown \/ Spritz from La Dolce Vita by STR\u00d8M.\" \/>\n<meta name=\"robots\" content=\"index, follow, max-snippet:-1, max-image-preview:large, max-video-preview:-1\" \/>\n<link rel=\"canonical\" href=\"https:\/\/strom-clothing.com\/de\/shop\/manner\/pullover\/pullover-spritzen\/\" \/>\n<meta property=\"og:locale\" content=\"de_DE\" \/>\n<meta property=\"og:type\" content=\"article\" \/>\n<meta property=\"og:title\" content=\"Sweater Heritage Brown \/ Spritz | STR\u00d8M\" \/>\n<meta property=\"og:description\" content=\"Shop the Sweater Heritage Brown \/ Spritz from La Dolce Vita by STR\u00d8M.\" \/>\n<meta property=\"og:url\" content=\"https:\/\/strom-clothing.com\/de\/shop\/manner\/pullover\/pullover-spritzen\/\" \/>\n<meta property=\"og:site_name\" content=\"STR\u00d8M\" \/>\n<meta property=\"article:publisher\" content=\"https:\/\/www.facebook.com\/Stromclothingbelgium\/\" \/>\n<meta property=\"article:modified_time\" content=\"2026-04-11T13:28:34+00:00\" \/>\n<meta property=\"og:image\" content=\"https:\/\/strom-clothing.com\/wp-content\/uploads\/2026\/03\/STROM-Clothing-La-Dolce-Vita-Collection-45.jpg\" \/>\n\t<meta property=\"og:image:width\" content=\"1000\" \/>\n\t<meta property=\"og:image:height\" content=\"1500\" \/>\n\t<meta property=\"og:image:type\" content=\"image\/jpeg\" \/>\n<meta name=\"twitter:card\" content=\"summary_large_image\" \/>\n<meta name=\"twitter:label1\" content=\"Gesch\u00e4tzte Lesezeit\" \/>\n\t<meta name=\"twitter:data1\" content=\"1\u00a0Minute\" \/>\n<script type=\"application\/ld+json\" class=\"yoast-schema-graph\">{\"@context\":\"https:\\\/\\\/schema.org\",\"@graph\":[{\"@type\":\"WebPage\",\"@id\":\"https:\\\/\\\/strom-clothing.com\\\/shop\\\/men\\\/sweaters\\\/sweater-spritz\\\/\",\"url\":\"https:\\\/\\\/strom-clothing.com\\\/shop\\\/men\\\/sweaters\\\/sweater-spritz\\\/\",\"name\":\"Sweater Heritage Brown \\\/ Spritz | STR\u00d8M\",\"isPartOf\":{\"@id\":\"https:\\\/\\\/strom-clothing.com\\\/#website\"},\"primaryImageOfPage\":{\"@id\":\"https:\\\/\\\/strom-clothing.com\\\/shop\\\/men\\\/sweaters\\\/sweater-spritz\\\/#primaryimage\"},\"image\":{\"@id\":\"https:\\\/\\\/strom-clothing.com\\\/shop\\\/men\\\/sweaters\\\/sweater-spritz\\\/#primaryimage\"},\"thumbnailUrl\":\"https:\\\/\\\/strom-clothing.com\\\/wp-content\\\/uploads\\\/2026\\\/03\\\/STROM-Clothing-La-Dolce-Vita-Collection-45.jpg\",\"datePublished\":\"2026-04-06T07:46:27+00:00\",\"dateModified\":\"2026-04-11T13:28:34+00:00\",\"description\":\"Shop the Sweater Heritage Brown \\\/ Spritz from La Dolce Vita by STR\u00d8M.\",\"breadcrumb\":{\"@id\":\"https:\\\/\\\/strom-clothing.com\\\/shop\\\/men\\\/sweaters\\\/sweater-spritz\\\/#breadcrumb\"},\"inLanguage\":\"de\",\"potentialAction\":[{\"@type\":\"ReadAction\",\"target\":[\"https:\\\/\\\/strom-clothing.com\\\/shop\\\/men\\\/sweaters\\\/sweater-spritz\\\/\"]}]},{\"@type\":\"ImageObject\",\"inLanguage\":\"de\",\"@id\":\"https:\\\/\\\/strom-clothing.com\\\/shop\\\/men\\\/sweaters\\\/sweater-spritz\\\/#primaryimage\",\"url\":\"https:\\\/\\\/strom-clothing.com\\\/wp-content\\\/uploads\\\/2026\\\/03\\\/STROM-Clothing-La-Dolce-Vita-Collection-45.jpg\",\"contentUrl\":\"https:\\\/\\\/strom-clothing.com\\\/wp-content\\\/uploads\\\/2026\\\/03\\\/STROM-Clothing-La-Dolce-Vita-Collection-45.jpg\",\"width\":1000,\"height\":1500},{\"@type\":\"BreadcrumbList\",\"@id\":\"https:\\\/\\\/strom-clothing.com\\\/shop\\\/men\\\/sweaters\\\/sweater-spritz\\\/#breadcrumb\",\"itemListElement\":[{\"@type\":\"ListItem\",\"position\":1,\"name\":\"Home\",\"item\":\"https:\\\/\\\/strom-clothing.com\\\/\"},{\"@type\":\"ListItem\",\"position\":2,\"name\":\"Shop\",\"item\":\"https:\\\/\\\/strom-clothing.com\\\/shop\\\/\"},{\"@type\":\"ListItem\",\"position\":3,\"name\":\"Sweater \\\/ Spritz\"}]},{\"@type\":\"WebSite\",\"@id\":\"https:\\\/\\\/strom-clothing.com\\\/#website\",\"url\":\"https:\\\/\\\/strom-clothing.com\\\/\",\"name\":\"STR\u00d8M\",\"description\":\"Sustainable clothing with minimalistic designs\",\"publisher\":{\"@id\":\"https:\\\/\\\/strom-clothing.com\\\/#organization\"},\"potentialAction\":[{\"@type\":\"SearchAction\",\"target\":{\"@type\":\"EntryPoint\",\"urlTemplate\":\"https:\\\/\\\/strom-clothing.com\\\/?s={search_term_string}\"},\"query-input\":{\"@type\":\"PropertyValueSpecification\",\"valueRequired\":true,\"valueName\":\"search_term_string\"}}],\"inLanguage\":\"de\"},{\"@type\":\"Organization\",\"@id\":\"https:\\\/\\\/strom-clothing.com\\\/#organization\",\"name\":\"STR\u00d8M\",\"url\":\"https:\\\/\\\/strom-clothing.com\\\/\",\"logo\":{\"@type\":\"ImageObject\",\"inLanguage\":\"de\",\"@id\":\"https:\\\/\\\/strom-clothing.com\\\/#\\\/schema\\\/logo\\\/image\\\/\",\"url\":\"https:\\\/\\\/strom-clothing.com\\\/wp-content\\\/uploads\\\/2024\\\/05\\\/STROM-Logo.svg\",\"contentUrl\":\"https:\\\/\\\/strom-clothing.com\\\/wp-content\\\/uploads\\\/2024\\\/05\\\/STROM-Logo.svg\",\"caption\":\"STR\u00d8M\"},\"image\":{\"@id\":\"https:\\\/\\\/strom-clothing.com\\\/#\\\/schema\\\/logo\\\/image\\\/\"},\"sameAs\":[\"https:\\\/\\\/www.facebook.com\\\/Stromclothingbelgium\\\/\",\"https:\\\/\\\/www.instagram.com\\\/strom_clothing\\\/\"]}]}<\/script>\n<!-- \/ Yoast SEO plugin. -->","yoast_head_json":{"title":"Pullover Heritage Braun \/ Spritz | STR\u00d8M","description":"Kaufen Sie den Pullover Heritage Brown \/ Spritz von La Dolce Vita by STR\u00d8M.","robots":{"index":"index","follow":"follow","max-snippet":"max-snippet:-1","max-image-preview":"max-image-preview:large","max-video-preview":"max-video-preview:-1"},"canonical":"https:\/\/strom-clothing.com\/de\/shop\/manner\/pullover\/pullover-spritzen\/","og_locale":"de_DE","og_type":"article","og_title":"Sweater Heritage Brown \/ Spritz | STR\u00d8M","og_description":"Shop the Sweater Heritage Brown \/ Spritz from La Dolce Vita by STR\u00d8M.","og_url":"https:\/\/strom-clothing.com\/de\/shop\/manner\/pullover\/pullover-spritzen\/","og_site_name":"STR\u00d8M","article_publisher":"https:\/\/www.facebook.com\/Stromclothingbelgium\/","article_modified_time":"2026-04-11T13:28:34+00:00","og_image":[{"width":1000,"height":1500,"url":"https:\/\/strom-clothing.com\/wp-content\/uploads\/2026\/03\/STROM-Clothing-La-Dolce-Vita-Collection-45.jpg","type":"image\/jpeg"}],"twitter_card":"summary_large_image","twitter_misc":{"Gesch\u00e4tzte Lesezeit":"1\u00a0Minute"},"schema":{"@context":"https:\/\/schema.org","@graph":[{"@type":"WebPage","@id":"https:\/\/strom-clothing.com\/shop\/men\/sweaters\/sweater-spritz\/","url":"https:\/\/strom-clothing.com\/shop\/men\/sweaters\/sweater-spritz\/","name":"Pullover Heritage Braun \/ Spritz | STR\u00d8M","isPartOf":{"@id":"https:\/\/strom-clothing.com\/#website"},"primaryImageOfPage":{"@id":"https:\/\/strom-clothing.com\/shop\/men\/sweaters\/sweater-spritz\/#primaryimage"},"image":{"@id":"https:\/\/strom-clothing.com\/shop\/men\/sweaters\/sweater-spritz\/#primaryimage"},"thumbnailUrl":"https:\/\/strom-clothing.com\/wp-content\/uploads\/2026\/03\/STROM-Clothing-La-Dolce-Vita-Collection-45.jpg","datePublished":"2026-04-06T07:46:27+00:00","dateModified":"2026-04-11T13:28:34+00:00","description":"Kaufen Sie den Pullover Heritage Brown \/ Spritz von La Dolce Vita by STR\u00d8M.","breadcrumb":{"@id":"https:\/\/strom-clothing.com\/shop\/men\/sweaters\/sweater-spritz\/#breadcrumb"},"inLanguage":"de","potentialAction":[{"@type":"ReadAction","target":["https:\/\/strom-clothing.com\/shop\/men\/sweaters\/sweater-spritz\/"]}]},{"@type":"ImageObject","inLanguage":"de","@id":"https:\/\/strom-clothing.com\/shop\/men\/sweaters\/sweater-spritz\/#primaryimage","url":"https:\/\/strom-clothing.com\/wp-content\/uploads\/2026\/03\/STROM-Clothing-La-Dolce-Vita-Collection-45.jpg","contentUrl":"https:\/\/strom-clothing.com\/wp-content\/uploads\/2026\/03\/STROM-Clothing-La-Dolce-Vita-Collection-45.jpg","width":1000,"height":1500},{"@type":"BreadcrumbList","@id":"https:\/\/strom-clothing.com\/shop\/men\/sweaters\/sweater-spritz\/#breadcrumb","itemListElement":[{"@type":"ListItem","position":1,"name":"Home","item":"https:\/\/strom-clothing.com\/"},{"@type":"ListItem","position":2,"name":"Shop","item":"https:\/\/strom-clothing.com\/shop\/"},{"@type":"ListItem","position":3,"name":"Sweater \/ Spritz"}]},{"@type":"WebSite","@id":"https:\/\/strom-clothing.com\/#website","url":"https:\/\/strom-clothing.com\/","name":"STR\u00d8M","description":"Nachhaltige Kleidung mit minimalistischem Design","publisher":{"@id":"https:\/\/strom-clothing.com\/#organization"},"potentialAction":[{"@type":"SearchAction","target":{"@type":"EntryPoint","urlTemplate":"https:\/\/strom-clothing.com\/?s={search_term_string}"},"query-input":{"@type":"PropertyValueSpecification","valueRequired":true,"valueName":"search_term_string"}}],"inLanguage":"de"},{"@type":"Organization","@id":"https:\/\/strom-clothing.com\/#organization","name":"STR\u00d8M","url":"https:\/\/strom-clothing.com\/","logo":{"@type":"ImageObject","inLanguage":"de","@id":"https:\/\/strom-clothing.com\/#\/schema\/logo\/image\/","url":"https:\/\/strom-clothing.com\/wp-content\/uploads\/2024\/05\/STROM-Logo.svg","contentUrl":"https:\/\/strom-clothing.com\/wp-content\/uploads\/2024\/05\/STROM-Logo.svg","caption":"STR\u00d8M"},"image":{"@id":"https:\/\/strom-clothing.com\/#\/schema\/logo\/image\/"},"sameAs":["https:\/\/www.facebook.com\/Stromclothingbelgium\/","https:\/\/www.instagram.com\/strom_clothing\/"]}]}},"_links":{"self":[{"href":"https:\/\/strom-clothing.com\/de\/wp-json\/wp\/v2\/product\/14504","targetHints":{"allow":["GET"]}}],"collection":[{"href":"https:\/\/strom-clothing.com\/de\/wp-json\/wp\/v2\/product"}],"about":[{"href":"https:\/\/strom-clothing.com\/de\/wp-json\/wp\/v2\/types\/product"}],"wp:featuredmedia":[{"embeddable":true,"href":"https:\/\/strom-clothing.com\/de\/wp-json\/wp\/v2\/media\/14619"}],"wp:attachment":[{"href":"https:\/\/strom-clothing.com\/de\/wp-json\/wp\/v2\/media?parent=14504"}],"wp:term":[{"taxonomy":"collection","embeddable":true,"href":"https:\/\/strom-clothing.com\/de\/wp-json\/wp\/v2\/collection?post=14504"},{"taxonomy":"color","embeddable":true,"href":"https:\/\/strom-clothing.com\/de\/wp-json\/wp\/v2\/color?post=14504"},{"taxonomy":"fit","embeddable":true,"href":"https:\/\/strom-clothing.com\/de\/wp-json\/wp\/v2\/fit?post=14504"},{"taxonomy":"gender","embeddable":true,"href":"https:\/\/strom-clothing.com\/de\/wp-json\/wp\/v2\/gender?post=14504"},{"taxonomy":"product_brand","embeddable":true,"href":"https:\/\/strom-clothing.com\/de\/wp-json\/wp\/v2\/product_brand?post=14504"},{"taxonomy":"product_cat","embeddable":true,"href":"https:\/\/strom-clothing.com\/de\/wp-json\/wp\/v2\/product_cat?post=14504"},{"taxonomy":"product_tag","embeddable":true,"href":"https:\/\/strom-clothing.com\/de\/wp-json\/wp\/v2\/product_tag?post=14504"}],"curies":[{"name":"wp","href":"https:\/\/api.w.org\/{rel}","templated":true}]}}