{"id":63,"date":"2025-05-09T13:25:17","date_gmt":"2025-05-09T11:25:17","guid":{"rendered":"https:\/\/strom-clothing.com\/?page_id=63"},"modified":"2025-11-11T18:50:28","modified_gmt":"2025-11-11T17:50:28","slug":"wo-sie-uns-finden","status":"publish","type":"page","link":"https:\/\/strom-clothing.com\/de\/where-to-find-us\/","title":{"rendered":"Wo Sie uns finden"},"content":{"rendered":"\t\t<div data-elementor-type=\"wp-page\" data-elementor-id=\"63\" class=\"elementor elementor-63\" data-elementor-post-type=\"page\">\n\t\t\t\t<div class=\"elementor-element elementor-element-be6930f e-flex e-con-boxed e-con e-parent\" data-id=\"be6930f\" data-element_type=\"container\" data-e-type=\"container\">\n\t\t\t\t\t<div class=\"e-con-inner\">\n\t\t\t\t<div class=\"elementor-element elementor-element-dc6d5b1 elementor-widget elementor-widget-heading\" data-id=\"dc6d5b1\" data-element_type=\"widget\" data-e-type=\"widget\" data-widget_type=\"heading.default\">\n\t\t\t\t\t<h1 class=\"elementor-heading-title elementor-size-default\">Where to find us<\/h1>\t\t\t\t<\/div>\n\t\t\t\t<div class=\"elementor-element elementor-element-41a85a4 elementor-widget__width-initial elementor-widget-tablet__width-inherit elementor-widget elementor-widget-text-editor\" data-id=\"41a85a4\" data-element_type=\"widget\" data-e-type=\"widget\" data-widget_type=\"text-editor.default\">\n\t\t\t\t\t\t\t\t\t<p>Lorem ipsum dolor sit amet, consectetur adipiscing elit, sed do eiusmod tempor incididunt ut labore et dolore magna aliqua. Ut enim ad minim veniam, quis nostrud exercitation ullamco laboris nisi ut aliquip ex ea commodo consequat.\u00a0<\/p>\t\t\t\t\t\t\t\t<\/div>\n\t\t<div class=\"elementor-element elementor-element-5e329d1 e-con-full e-flex e-con e-child\" data-id=\"5e329d1\" data-element_type=\"container\" data-e-type=\"container\">\n\t\t\t\t<div class=\"elementor-element elementor-element-6d32bf2 elementor-widget elementor-widget-facetwp-facet\" data-id=\"6d32bf2\" data-element_type=\"widget\" data-e-type=\"widget\" data-widget_type=\"facetwp-facet.default\">\n\t\t\t\t<div class=\"elementor-widget-container\">\n\t\t\t\t\t\n        <div class=\"facet-wrap\">\n                        <div class=\"facetwp-facet facetwp-facet-store_locator_map facetwp-type-map\" data-name=\"store_locator_map\" data-type=\"map\"><\/div>        <\/div>\n\n        \t\t\t\t<\/div>\n\t\t\t\t<\/div>\n\t\t<div class=\"elementor-element elementor-element-f9f9255 e-con-full e-flex e-con e-child\" data-id=\"f9f9255\" data-element_type=\"container\" data-e-type=\"container\" data-settings=\"{&quot;background_background&quot;:&quot;classic&quot;,&quot;position&quot;:&quot;absolute&quot;}\">\n\t\t\t\t<div class=\"elementor-element elementor-element-ece79af elementor-widget elementor-widget-facetwp-facet\" data-id=\"ece79af\" data-element_type=\"widget\" data-e-type=\"widget\" data-widget_type=\"facetwp-facet.default\">\n\t\t\t\t<div class=\"elementor-widget-container\">\n\t\t\t\t\t\n        <div class=\"facet-wrap\">\n                        <div class=\"facetwp-facet facetwp-facet-zoek_winkelpunt facetwp-type-search\" data-name=\"zoek_winkelpunt\" data-type=\"search\"><\/div>        <\/div>\n\n        \t\t\t\t<\/div>\n\t\t\t\t<\/div>\n\t\t\t\t<div class=\"facetwp-template facetwp-elementor-widget elementor-element elementor-element-a671d16 elementor-grid-1 elementor-widget__width-inherit elementor-grid-tablet-1 elementor-grid-mobile-1 elementor-widget elementor-widget-loop-grid\" data-id=\"a671d16\" data-element_type=\"widget\" data-e-type=\"widget\" data-settings=\"{&quot;template_id&quot;:&quot;359&quot;,&quot;columns&quot;:1,&quot;columns_tablet&quot;:1,&quot;_skin&quot;:&quot;post&quot;,&quot;columns_mobile&quot;:&quot;1&quot;,&quot;edit_handle_selector&quot;:&quot;[data-elementor-type=\\&quot;loop-item\\&quot;]&quot;,&quot;row_gap&quot;:{&quot;unit&quot;:&quot;px&quot;,&quot;size&quot;:&quot;&quot;,&quot;sizes&quot;:[]},&quot;row_gap_tablet&quot;:{&quot;unit&quot;:&quot;px&quot;,&quot;size&quot;:&quot;&quot;,&quot;sizes&quot;:[]},&quot;row_gap_mobile&quot;:{&quot;unit&quot;:&quot;px&quot;,&quot;size&quot;:&quot;&quot;,&quot;sizes&quot;:[]}}\" data-widget_type=\"loop-grid.post\">\n\t\t\t\t<div class=\"elementor-widget-container\">\n\t\t\t\t\t\t\t<div class=\"elementor-loop-container elementor-grid\" role=\"list\">\n\t\t<style id=\"loop-359\">.elementor-359 .elementor-element.elementor-element-d5272a5{--display:flex;--padding-top:0px;--padding-bottom:0px;--padding-left:0px;--padding-right:0px;}.elementor-359 .elementor-element.elementor-element-9f374db .elementor-heading-title{font-size:16px;font-weight:700;}.elementor-359 .elementor-element.elementor-element-579a440{text-align:start;font-size:13px;font-weight:400;}.elementor-359 .elementor-element.elementor-element-5fd0155{--divider-border-style:solid;--divider-color:#000;--divider-border-width:1px;margin:0px 0px calc(var(--kit-widget-spacing, 0px) + 0px) 0px;padding:20px 0px 0px 0px;}.elementor-359 .elementor-element.elementor-element-5fd0155 .elementor-divider-separator{width:100%;}.elementor-359 .elementor-element.elementor-element-5fd0155 .elementor-divider{padding-block-start:0px;padding-block-end:0px;}<\/style>\t\t<div data-elementor-type=\"loop-item\" data-elementor-id=\"359\" class=\"elementor elementor-359 e-loop-item e-loop-item-358 post-358 store-location type-store-location status-publish hentry\" data-elementor-post-type=\"elementor_library\" data-custom-edit-handle=\"1\">\n\t\t\t<div class=\"elementor-element elementor-element-d5272a5 e-flex e-con-boxed e-con e-parent\" data-id=\"d5272a5\" data-element_type=\"container\" data-e-type=\"container\">\n\t\t\t\t\t<div class=\"e-con-inner\">\n\t\t\t\t<div class=\"elementor-element elementor-element-9f374db elementor-widget elementor-widget-theme-post-title elementor-page-title elementor-widget-heading\" data-id=\"9f374db\" data-element_type=\"widget\" data-e-type=\"widget\" data-widget_type=\"theme-post-title.default\">\n\t\t\t\t\t<h3 class=\"elementor-heading-title elementor-size-default\">AS Adventure &#8211; Zaventem<\/h3>\t\t\t\t<\/div>\n\t\t\t\t<div class=\"elementor-element elementor-element-579a440 elementor-widget elementor-widget-text-editor\" data-id=\"579a440\" data-element_type=\"widget\" data-e-type=\"widget\" data-widget_type=\"text-editor.default\">\n\t\t\t\t\t\t\t\t\tLorem ipsum dolor sit amet, consectetur adipiscing elit, sed do eiusmod tempor incididun.\t\t\t\t\t\t\t\t<\/div>\n\t\t\t\t<div class=\"elementor-element elementor-element-5fd0155 elementor-widget-divider--view-line elementor-widget elementor-widget-divider\" data-id=\"5fd0155\" data-element_type=\"widget\" data-e-type=\"widget\" data-widget_type=\"divider.default\">\n\t\t\t\t\t\t\t<div class=\"elementor-divider\">\n\t\t\t<span class=\"elementor-divider-separator\">\n\t\t\t\t\t\t<\/span>\n\t\t<\/div>\n\t\t\t\t\t\t<\/div>\n\t\t\t\t\t<\/div>\n\t\t\t\t<\/div>\n\t\t\t\t<\/div>\n\t\t\t\t<div data-elementor-type=\"loop-item\" data-elementor-id=\"359\" class=\"elementor elementor-359 e-loop-item e-loop-item-357 post-357 store-location type-store-location status-publish hentry\" data-elementor-post-type=\"elementor_library\" data-custom-edit-handle=\"1\">\n\t\t\t<div class=\"elementor-element elementor-element-d5272a5 e-flex e-con-boxed e-con e-parent\" data-id=\"d5272a5\" data-element_type=\"container\" data-e-type=\"container\">\n\t\t\t\t\t<div class=\"e-con-inner\">\n\t\t\t\t<div class=\"elementor-element elementor-element-9f374db elementor-widget elementor-widget-theme-post-title elementor-page-title elementor-widget-heading\" data-id=\"9f374db\" data-element_type=\"widget\" data-e-type=\"widget\" data-widget_type=\"theme-post-title.default\">\n\t\t\t\t\t<h3 class=\"elementor-heading-title elementor-size-default\">AS Adventure &#8211; Antwerpen<\/h3>\t\t\t\t<\/div>\n\t\t\t\t<div class=\"elementor-element elementor-element-579a440 elementor-widget elementor-widget-text-editor\" data-id=\"579a440\" data-element_type=\"widget\" data-e-type=\"widget\" data-widget_type=\"text-editor.default\">\n\t\t\t\t\t\t\t\t\tLorem ipsum dolor sit amet, consectetur adipiscing elit, sed do eiusmod tempor incididun.\t\t\t\t\t\t\t\t<\/div>\n\t\t\t\t<div class=\"elementor-element elementor-element-5fd0155 elementor-widget-divider--view-line elementor-widget elementor-widget-divider\" data-id=\"5fd0155\" data-element_type=\"widget\" data-e-type=\"widget\" data-widget_type=\"divider.default\">\n\t\t\t\t\t\t\t<div class=\"elementor-divider\">\n\t\t\t<span class=\"elementor-divider-separator\">\n\t\t\t\t\t\t<\/span>\n\t\t<\/div>\n\t\t\t\t\t\t<\/div>\n\t\t\t\t\t<\/div>\n\t\t\t\t<\/div>\n\t\t\t\t<\/div>\n\t\t\t\t<\/div>\n\t\t\n\t\t\t\t\t\t<\/div>\n\t\t\t\t<\/div>\n\t\t\t\t<\/div>\n\t\t\t\t<\/div>\n\t\t\t\t\t<\/div>\n\t\t\t\t<\/div>\n\t\t\t\t<\/div>\n\t\t","protected":false},"excerpt":{"rendered":"<p>Lorem ipsum dolor sit amet, consectetur adipiscing elit, sed do eiusmod tempor incididunt ut labore et dolore magna aliqua. Ut enim ad minim veniam, quis nostrud exercitation ullamco laboris nisi ut aliquip ex ea commodo consequat.\u00a0<\/p>","protected":false},"author":1,"featured_media":0,"parent":0,"menu_order":0,"comment_status":"closed","ping_status":"closed","template":"elementor_header_footer","meta":{"_acf_changed":false,"footnotes":""},"class_list":["post-63","page","type-page","status-publish","hentry"],"acf":[],"yoast_head":"<!-- This site is optimized with the Yoast SEO plugin v27.4 - https:\/\/yoast.com\/product\/yoast-seo-wordpress\/ -->\n<title>Where to find us - STR\u00d8M<\/title>\n<meta name=\"description\" content=\"Discover where STR\u00d8M clothing is available. Find retail partners, events and pop-up locations near you.\" \/>\n<meta name=\"robots\" content=\"index, follow, max-snippet:-1, max-image-preview:large, max-video-preview:-1\" \/>\n<link rel=\"canonical\" href=\"https:\/\/strom-clothing.com\/de\/wo-sie-uns-finden\/\" \/>\n<meta property=\"og:locale\" content=\"de_DE\" \/>\n<meta property=\"og:type\" content=\"article\" \/>\n<meta property=\"og:title\" content=\"Where to find us - STR\u00d8M\" \/>\n<meta property=\"og:description\" content=\"Discover where STR\u00d8M clothing is available. Find retail partners, events and pop-up locations near you.\" \/>\n<meta property=\"og:url\" content=\"https:\/\/strom-clothing.com\/de\/wo-sie-uns-finden\/\" \/>\n<meta property=\"og:site_name\" content=\"STR\u00d8M\" \/>\n<meta property=\"article:publisher\" content=\"https:\/\/www.facebook.com\/Stromclothingbelgium\/\" \/>\n<meta property=\"article:modified_time\" content=\"2025-11-11T17:50:28+00:00\" \/>\n<meta name=\"twitter:card\" content=\"summary_large_image\" \/>\n<script type=\"application\/ld+json\" class=\"yoast-schema-graph\">{\"@context\":\"https:\\\/\\\/schema.org\",\"@graph\":[{\"@type\":\"WebPage\",\"@id\":\"https:\\\/\\\/strom-clothing.com\\\/where-to-find-us\\\/\",\"url\":\"https:\\\/\\\/strom-clothing.com\\\/where-to-find-us\\\/\",\"name\":\"Where to find us - STR\u00d8M\",\"isPartOf\":{\"@id\":\"https:\\\/\\\/strom-clothing.com\\\/#website\"},\"datePublished\":\"2025-05-09T11:25:17+00:00\",\"dateModified\":\"2025-11-11T17:50:28+00:00\",\"description\":\"Discover where STR\u00d8M clothing is available. Find retail partners, events and pop-up locations near you.\",\"breadcrumb\":{\"@id\":\"https:\\\/\\\/strom-clothing.com\\\/where-to-find-us\\\/#breadcrumb\"},\"inLanguage\":\"de\",\"potentialAction\":[{\"@type\":\"ReadAction\",\"target\":[\"https:\\\/\\\/strom-clothing.com\\\/where-to-find-us\\\/\"]}]},{\"@type\":\"BreadcrumbList\",\"@id\":\"https:\\\/\\\/strom-clothing.com\\\/where-to-find-us\\\/#breadcrumb\",\"itemListElement\":[{\"@type\":\"ListItem\",\"position\":1,\"name\":\"Home\",\"item\":\"https:\\\/\\\/strom-clothing.com\\\/\"},{\"@type\":\"ListItem\",\"position\":2,\"name\":\"Where to find us\"}]},{\"@type\":\"WebSite\",\"@id\":\"https:\\\/\\\/strom-clothing.com\\\/#website\",\"url\":\"https:\\\/\\\/strom-clothing.com\\\/\",\"name\":\"STR\u00d8M\",\"description\":\"Sustainable clothing with minimalistic designs\",\"publisher\":{\"@id\":\"https:\\\/\\\/strom-clothing.com\\\/#organization\"},\"potentialAction\":[{\"@type\":\"SearchAction\",\"target\":{\"@type\":\"EntryPoint\",\"urlTemplate\":\"https:\\\/\\\/strom-clothing.com\\\/?s={search_term_string}\"},\"query-input\":{\"@type\":\"PropertyValueSpecification\",\"valueRequired\":true,\"valueName\":\"search_term_string\"}}],\"inLanguage\":\"de\"},{\"@type\":\"Organization\",\"@id\":\"https:\\\/\\\/strom-clothing.com\\\/#organization\",\"name\":\"STR\u00d8M\",\"url\":\"https:\\\/\\\/strom-clothing.com\\\/\",\"logo\":{\"@type\":\"ImageObject\",\"inLanguage\":\"de\",\"@id\":\"https:\\\/\\\/strom-clothing.com\\\/#\\\/schema\\\/logo\\\/image\\\/\",\"url\":\"https:\\\/\\\/strom-clothing.com\\\/wp-content\\\/uploads\\\/2024\\\/05\\\/STROM-Logo.svg\",\"contentUrl\":\"https:\\\/\\\/strom-clothing.com\\\/wp-content\\\/uploads\\\/2024\\\/05\\\/STROM-Logo.svg\",\"caption\":\"STR\u00d8M\"},\"image\":{\"@id\":\"https:\\\/\\\/strom-clothing.com\\\/#\\\/schema\\\/logo\\\/image\\\/\"},\"sameAs\":[\"https:\\\/\\\/www.facebook.com\\\/Stromclothingbelgium\\\/\",\"https:\\\/\\\/www.instagram.com\\\/strom_clothing\\\/\"]}]}<\/script>\n<!-- \/ Yoast SEO plugin. -->","yoast_head_json":{"title":"Wo Sie uns finden - STR\u00d8M","description":"Entdecken Sie, wo STR\u00d8M Kleidung erh\u00e4ltlich ist. Finden Sie Einzelhandelspartner, Veranstaltungen und Pop-up-Standorte in Ihrer N\u00e4he.","robots":{"index":"index","follow":"follow","max-snippet":"max-snippet:-1","max-image-preview":"max-image-preview:large","max-video-preview":"max-video-preview:-1"},"canonical":"https:\/\/strom-clothing.com\/de\/wo-sie-uns-finden\/","og_locale":"de_DE","og_type":"article","og_title":"Where to find us - STR\u00d8M","og_description":"Discover where STR\u00d8M clothing is available. Find retail partners, events and pop-up locations near you.","og_url":"https:\/\/strom-clothing.com\/de\/wo-sie-uns-finden\/","og_site_name":"STR\u00d8M","article_publisher":"https:\/\/www.facebook.com\/Stromclothingbelgium\/","article_modified_time":"2025-11-11T17:50:28+00:00","twitter_card":"summary_large_image","schema":{"@context":"https:\/\/schema.org","@graph":[{"@type":"WebPage","@id":"https:\/\/strom-clothing.com\/where-to-find-us\/","url":"https:\/\/strom-clothing.com\/where-to-find-us\/","name":"Wo Sie uns finden - STR\u00d8M","isPartOf":{"@id":"https:\/\/strom-clothing.com\/#website"},"datePublished":"2025-05-09T11:25:17+00:00","dateModified":"2025-11-11T17:50:28+00:00","description":"Entdecken Sie, wo STR\u00d8M Kleidung erh\u00e4ltlich ist. Finden Sie Einzelhandelspartner, Veranstaltungen und Pop-up-Standorte in Ihrer N\u00e4he.","breadcrumb":{"@id":"https:\/\/strom-clothing.com\/where-to-find-us\/#breadcrumb"},"inLanguage":"de","potentialAction":[{"@type":"ReadAction","target":["https:\/\/strom-clothing.com\/where-to-find-us\/"]}]},{"@type":"BreadcrumbList","@id":"https:\/\/strom-clothing.com\/where-to-find-us\/#breadcrumb","itemListElement":[{"@type":"ListItem","position":1,"name":"Home","item":"https:\/\/strom-clothing.com\/"},{"@type":"ListItem","position":2,"name":"Where to find us"}]},{"@type":"WebSite","@id":"https:\/\/strom-clothing.com\/#website","url":"https:\/\/strom-clothing.com\/","name":"STR\u00d8M","description":"Nachhaltige Kleidung mit minimalistischem Design","publisher":{"@id":"https:\/\/strom-clothing.com\/#organization"},"potentialAction":[{"@type":"SearchAction","target":{"@type":"EntryPoint","urlTemplate":"https:\/\/strom-clothing.com\/?s={search_term_string}"},"query-input":{"@type":"PropertyValueSpecification","valueRequired":true,"valueName":"search_term_string"}}],"inLanguage":"de"},{"@type":"Organization","@id":"https:\/\/strom-clothing.com\/#organization","name":"STR\u00d8M","url":"https:\/\/strom-clothing.com\/","logo":{"@type":"ImageObject","inLanguage":"de","@id":"https:\/\/strom-clothing.com\/#\/schema\/logo\/image\/","url":"https:\/\/strom-clothing.com\/wp-content\/uploads\/2024\/05\/STROM-Logo.svg","contentUrl":"https:\/\/strom-clothing.com\/wp-content\/uploads\/2024\/05\/STROM-Logo.svg","caption":"STR\u00d8M"},"image":{"@id":"https:\/\/strom-clothing.com\/#\/schema\/logo\/image\/"},"sameAs":["https:\/\/www.facebook.com\/Stromclothingbelgium\/","https:\/\/www.instagram.com\/strom_clothing\/"]}]}},"_links":{"self":[{"href":"https:\/\/strom-clothing.com\/de\/wp-json\/wp\/v2\/pages\/63","targetHints":{"allow":["GET"]}}],"collection":[{"href":"https:\/\/strom-clothing.com\/de\/wp-json\/wp\/v2\/pages"}],"about":[{"href":"https:\/\/strom-clothing.com\/de\/wp-json\/wp\/v2\/types\/page"}],"author":[{"embeddable":true,"href":"https:\/\/strom-clothing.com\/de\/wp-json\/wp\/v2\/users\/1"}],"replies":[{"embeddable":true,"href":"https:\/\/strom-clothing.com\/de\/wp-json\/wp\/v2\/comments?post=63"}],"version-history":[{"count":0,"href":"https:\/\/strom-clothing.com\/de\/wp-json\/wp\/v2\/pages\/63\/revisions"}],"wp:attachment":[{"href":"https:\/\/strom-clothing.com\/de\/wp-json\/wp\/v2\/media?parent=63"}],"curies":[{"name":"wp","href":"https:\/\/api.w.org\/{rel}","templated":true}]}}